{"id":234,"date":"2022-04-11T19:22:19","date_gmt":"2022-04-11T19:22:19","guid":{"rendered":"https:\/\/koslocallygrown.gr\/?page_id=234"},"modified":"2024-08-18T00:48:33","modified_gmt":"2024-08-17T21:48:33","slug":"local-products","status":"publish","type":"page","link":"https:\/\/koslocallygrown.gr\/de\/local-products\/","title":{"rendered":"Lokale Produkte"},"content":{"rendered":"<div data-elementor-type=\"wp-page\" data-elementor-id=\"234\" class=\"elementor elementor-234\" data-elementor-post-type=\"page\">\n\t\t\t\t\t\t<section class=\"elementor-section elementor-top-section elementor-element elementor-element-a7b4851 elementor-section-boxed elementor-section-height-default elementor-section-height-default\" data-id=\"a7b4851\" data-element_type=\"section\">\n\t\t\t\t\t\t<div class=\"elementor-container elementor-column-gap-default\">\n\t\t\t\t\t<div class=\"elementor-column elementor-col-100 elementor-top-column elementor-element elementor-element-5c44523\" data-id=\"5c44523\" data-element_type=\"column\">\n\t\t\t<div class=\"elementor-widget-wrap elementor-element-populated\">\n\t\t\t\t\t\t<div class=\"elementor-element elementor-element-3edcb7d elementor-view-default elementor-position-top elementor-mobile-position-top elementor-widget elementor-widget-icon-box\" data-id=\"3edcb7d\" data-element_type=\"widget\" data-widget_type=\"icon-box.default\">\n\t\t\t\t<div class=\"elementor-widget-container\">\n\t\t\t\t\t\t\t<div class=\"elementor-icon-box-wrapper\">\n\n\t\t\t\t\t\t<div class=\"elementor-icon-box-icon\">\n\t\t\t\t<span  class=\"elementor-icon\">\n\t\t\t\t<i aria-hidden=\"true\" class=\"fas fa-wine-bottle\"><\/i>\t\t\t\t<\/span>\n\t\t\t<\/div>\n\t\t\t\n\t\t\t\t\t\t<div class=\"elementor-icon-box-content\">\n\n\t\t\t\t\t\t\t\t\t<h3 class=\"elementor-icon-box-title\">\n\t\t\t\t\t\t<span  >\n\t\t\t\t\t\t\tStandardprodukte\t\t\t\t\t\t<\/span>\n\t\t\t\t\t<\/h3>\n\t\t\t\t\n\t\t\t\t\t\t\t\t\t<p class=\"elementor-icon-box-description\">\n\t\t\t\t\t\tKleine Familienbetriebe auf der Insel verarbeiten und verpacken lokale landwirtschaftliche Produkte. Sie k\u00f6nnen eine Vielzahl hervorragender Produkte finden, die auf traditionelle Weise hergestellt werden. Viele von ihnen wurden in Griechenland und im Ausland ausgezeichnet, w\u00e4hrend einige als biologisch und vegan zertifiziert sind. Sie k\u00f6nnen die lokalen Produzenten besuchen und kennenlernen und aus n\u00e4chster N\u00e4he sehen, wie die hochwertigen lokalen Produkte der Insel hergestellt werden.\t\t\t\t\t<\/p>\n\t\t\t\t\n\t\t\t<\/div>\n\t\t\t\n\t\t<\/div>\n\t\t\t\t\t\t<\/div>\n\t\t\t\t<\/div>\n\t\t\t\t<div class=\"elementor-element elementor-element-026f894 elementor-widget-divider--view-line elementor-widget elementor-widget-divider\" data-id=\"026f894\" data-element_type=\"widget\" data-widget_type=\"divider.default\">\n\t\t\t\t<div class=\"elementor-widget-container\">\n\t\t\t\t\t\t\t<div class=\"elementor-divider\">\n\t\t\t<span class=\"elementor-divider-separator\">\n\t\t\t\t\t\t<\/span>\n\t\t<\/div>\n\t\t\t\t\t\t<\/div>\n\t\t\t\t<\/div>\n\t\t\t\t\t<\/div>\n\t\t<\/div>\n\t\t\t\t\t<\/div>\n\t\t<\/section>\n\t\t\t\t<section class=\"elementor-section elementor-top-section elementor-element elementor-element-a83920c elementor-section-boxed elementor-section-height-default elementor-section-height-default\" data-id=\"a83920c\" data-element_type=\"section\" data-settings=\"{&quot;background_background&quot;:&quot;classic&quot;}\">\n\t\t\t\t\t\t<div class=\"elementor-container elementor-column-gap-default\">\n\t\t\t\t\t<div class=\"elementor-column elementor-col-33 elementor-top-column elementor-element elementor-element-862fdd1\" data-id=\"862fdd1\" data-element_type=\"column\">\n\t\t\t<div class=\"elementor-widget-wrap elementor-element-populated\">\n\t\t\t\t\t\t<div class=\"elementor-element elementor-element-46e9d5f elementor-widget-tablet__width-initial elementor-widget elementor-widget-text-editor\" data-id=\"46e9d5f\" data-element_type=\"widget\" data-widget_type=\"text-editor.default\">\n\t\t\t\t<div class=\"elementor-widget-container\">\n\t\t\t\t\t\t\t\t\t<ul><li><strong><a href=\"https:\/\/koslocallygrown.gr\/olive-oil\/\">Oliven\u00f6l<\/a><\/strong><\/li><li><strong><a href=\"https:\/\/koslocallygrown.gr\/wine\/\">Wein<\/a><\/strong><\/li><li><strong><a href=\"https:\/\/koslocallygrown.gr\/olives\/\">Oliven<\/a><\/strong><\/li><li><a href=\"https:\/\/koslocallygrown.gr\/capers\/\"><b>Kapern<\/b><\/a><\/li><\/ul>\t\t\t\t\t\t\t\t<\/div>\n\t\t\t\t<\/div>\n\t\t\t\t\t<\/div>\n\t\t<\/div>\n\t\t\t\t<div class=\"elementor-column elementor-col-33 elementor-top-column elementor-element elementor-element-95be17d\" data-id=\"95be17d\" data-element_type=\"column\">\n\t\t\t<div class=\"elementor-widget-wrap elementor-element-populated\">\n\t\t\t\t\t\t<div class=\"elementor-element elementor-element-899a859 elementor-widget elementor-widget-text-editor\" data-id=\"899a859\" data-element_type=\"widget\" data-widget_type=\"text-editor.default\">\n\t\t\t\t<div class=\"elementor-widget-container\">\n\t\t\t\t\t\t\t\t\t<ul><li><strong><a href=\"https:\/\/koslocallygrown.gr\/honey\/\">Honig<\/a><\/strong><\/li><li><strong><a href=\"https:\/\/koslocallygrown.gr\/cheese\/\">K\u00e4se<\/a><\/strong><\/li><li><strong><a href=\"https:\/\/koslocallygrown.gr\/tsipouro-ouzo\/\">Tsipouro\/Ouzo<\/a><\/strong><\/li><li><strong><a href=\"https:\/\/koslocallygrown.gr\/olive-oil-soaps\/\">Oliven\u00f6lseifen<\/a><\/strong><\/li><\/ul>\t\t\t\t\t\t\t\t<\/div>\n\t\t\t\t<\/div>\n\t\t\t\t\t<\/div>\n\t\t<\/div>\n\t\t\t\t<div class=\"elementor-column elementor-col-33 elementor-top-column elementor-element elementor-element-c8d277c\" data-id=\"c8d277c\" data-element_type=\"column\">\n\t\t\t<div class=\"elementor-widget-wrap elementor-element-populated\">\n\t\t\t\t\t\t<div class=\"elementor-element elementor-element-a1a3eb7 elementor-widget elementor-widget-text-editor\" data-id=\"a1a3eb7\" data-element_type=\"widget\" data-widget_type=\"text-editor.default\">\n\t\t\t\t<div class=\"elementor-widget-container\">\n\t\t\t\t\t\t\t\t\t<ul><li><strong><a href=\"https:\/\/koslocallygrown.gr\/cosmetics\/\">Kosmetika<\/a><\/strong><\/li><li><strong><a href=\"https:\/\/koslocallygrown.gr\/spoon-sweets-jams\/\">L\u00f6ffels\u00fc\u00dfigkeiten\/Marmeladen<\/a><\/strong><\/li><li><strong><a href=\"https:\/\/koslocallygrown.gr\/juices\/\">S\u00e4fte<\/a><\/strong><\/li><li><strong><a href=\"https:\/\/koslocallygrown.gr\/bio-compost-bio-soil\/\" data-wplink-edit=\"true\">Biokompost &amp; Bioerde<\/a><\/strong><\/li><\/ul>\t\t\t\t\t\t\t\t<\/div>\n\t\t\t\t<\/div>\n\t\t\t\t\t<\/div>\n\t\t<\/div>\n\t\t\t\t\t<\/div>\n\t\t<\/section>\n\t\t\t\t<section class=\"elementor-section elementor-top-section elementor-element elementor-element-12613be elementor-section-boxed elementor-section-height-default elementor-section-height-default\" data-id=\"12613be\" data-element_type=\"section\">\n\t\t\t\t\t\t<div class=\"elementor-container elementor-column-gap-default\">\n\t\t\t\t\t<div class=\"elementor-column elementor-col-100 elementor-top-column elementor-element elementor-element-a1467a5\" data-id=\"a1467a5\" data-element_type=\"column\">\n\t\t\t<div class=\"elementor-widget-wrap elementor-element-populated\">\n\t\t\t\t\t\t<div class=\"elementor-element elementor-element-77fa96d elementor-view-default elementor-position-top elementor-mobile-position-top elementor-widget elementor-widget-icon-box\" data-id=\"77fa96d\" data-element_type=\"widget\" data-widget_type=\"icon-box.default\">\n\t\t\t\t<div class=\"elementor-widget-container\">\n\t\t\t\t\t\t\t<div class=\"elementor-icon-box-wrapper\">\n\n\t\t\t\t\t\t<div class=\"elementor-icon-box-icon\">\n\t\t\t\t<span  class=\"elementor-icon\">\n\t\t\t\t<i aria-hidden=\"true\" class=\"fas fa-tractor\"><\/i>\t\t\t\t<\/span>\n\t\t\t<\/div>\n\t\t\t\n\t\t\t\t\t\t<div class=\"elementor-icon-box-content\">\n\n\t\t\t\t\t\t\t\t\t<h3 class=\"elementor-icon-box-title\">\n\t\t\t\t\t\t<span  >\n\t\t\t\t\t\t\tAgrarprodukte\t\t\t\t\t\t<\/span>\n\t\t\t\t\t<\/h3>\n\t\t\t\t\n\t\t\t\t\t\t\t\t\t<p class=\"elementor-icon-box-description\">\n\t\t\t\t\t\tProdukte von lokalen Bauern finden Sie in Gem\u00fcsel\u00e4den, Minim\u00e4rkten, einigen Superm\u00e4rkten und nat\u00fcrlich an den Bauernst\u00e4nden an vielen Stellen entlang Ihrer Route. Sie sind je nach Saison und Ernte in vielen verschiedenen Arten, Gr\u00f6\u00dfen und Farben erh\u00e4ltlich. Genie\u00dfen Sie sie! Einige der lokalen Produkte sind:\t\t\t\t\t<\/p>\n\t\t\t\t\n\t\t\t<\/div>\n\t\t\t\n\t\t<\/div>\n\t\t\t\t\t\t<\/div>\n\t\t\t\t<\/div>\n\t\t\t\t<div class=\"elementor-element elementor-element-4d398eb elementor-widget-divider--view-line elementor-widget elementor-widget-divider\" data-id=\"4d398eb\" data-element_type=\"widget\" data-widget_type=\"divider.default\">\n\t\t\t\t<div class=\"elementor-widget-container\">\n\t\t\t\t\t\t\t<div class=\"elementor-divider\">\n\t\t\t<span class=\"elementor-divider-separator\">\n\t\t\t\t\t\t<\/span>\n\t\t<\/div>\n\t\t\t\t\t\t<\/div>\n\t\t\t\t<\/div>\n\t\t\t\t<section class=\"elementor-section elementor-inner-section elementor-element elementor-element-631b366 elementor-section-boxed elementor-section-height-default elementor-section-height-default\" data-id=\"631b366\" data-element_type=\"section\">\n\t\t\t\t\t\t<div class=\"elementor-container elementor-column-gap-default\">\n\t\t\t\t\t<div class=\"elementor-column elementor-col-33 elementor-inner-column elementor-element elementor-element-c180c95\" data-id=\"c180c95\" data-element_type=\"column\">\n\t\t\t<div class=\"elementor-widget-wrap elementor-element-populated\">\n\t\t\t\t\t\t<div class=\"elementor-element elementor-element-7bfbd5f elementor-widget elementor-widget-text-editor\" data-id=\"7bfbd5f\" data-element_type=\"widget\" data-widget_type=\"text-editor.default\">\n\t\t\t\t<div class=\"elementor-widget-container\">\n\t\t\t\t\t\t\t\t\t<h3>Fr\u00fcchte:<\/h3><ul><li>Orangen<\/li><li>Zitronen<\/li><li>Mandarinen<\/li><li>Feigen<\/li><li>Trauben<\/li><li>Birnen<\/li><li>Melonen<\/li><li>Wassermelonen<\/li><li>Erdbeeren<\/li><li>Aprikosen<\/li><\/ul>\t\t\t\t\t\t\t\t<\/div>\n\t\t\t\t<\/div>\n\t\t\t\t\t<\/div>\n\t\t<\/div>\n\t\t\t\t<div class=\"elementor-column elementor-col-33 elementor-inner-column elementor-element elementor-element-2c5997b\" data-id=\"2c5997b\" data-element_type=\"column\">\n\t\t\t<div class=\"elementor-widget-wrap elementor-element-populated\">\n\t\t\t\t\t\t<div class=\"elementor-element elementor-element-c4d76e5 elementor-widget elementor-widget-text-editor\" data-id=\"c4d76e5\" data-element_type=\"widget\" data-widget_type=\"text-editor.default\">\n\t\t\t\t<div class=\"elementor-widget-container\">\n\t\t\t\t\t\t\t\t\t<h3>Gem\u00fcse:<\/h3><ul><li>Kartoffeln<\/li><li>Zwiebeln<\/li><li>Tomaten<\/li><li>Gurken<\/li><li>Brokkoli<\/li><li>Kopfsalat<\/li><li>Auberginen<\/li><li>M\u00f6hren<\/li><li>S\u00fc\u00dfkartoffeln<\/li><li>Pfeffer<\/li><li>Zucchini<\/li><li>Kohl<\/li><li>Radieschen<\/li><\/ul>\t\t\t\t\t\t\t\t<\/div>\n\t\t\t\t<\/div>\n\t\t\t\t\t<\/div>\n\t\t<\/div>\n\t\t\t\t<div class=\"elementor-column elementor-col-33 elementor-inner-column elementor-element elementor-element-77d1c5a\" data-id=\"77d1c5a\" data-element_type=\"column\">\n\t\t\t<div class=\"elementor-widget-wrap elementor-element-populated\">\n\t\t\t\t\t\t<div class=\"elementor-element elementor-element-de42257 elementor-widget elementor-widget-text-editor\" data-id=\"de42257\" data-element_type=\"widget\" data-widget_type=\"text-editor.default\">\n\t\t\t\t<div class=\"elementor-widget-container\">\n\t\t\t\t\t\t\t\t\t<p>\u00a0<\/p><ul><li><strong>Getreide<\/strong><\/li><li><a href=\"https:\/\/koslocallygrown.gr\/microgreens-edible-flowers\/\"><strong>Microgreens &amp; essbare Blumen<\/strong><\/a><\/li><\/ul>\t\t\t\t\t\t\t\t<\/div>\n\t\t\t\t<\/div>\n\t\t\t\t\t<\/div>\n\t\t<\/div>\n\t\t\t\t\t<\/div>\n\t\t<\/section>\n\t\t\t\t\t<\/div>\n\t\t<\/div>\n\t\t\t\t\t<\/div>\n\t\t<\/section>\n\t\t\t\t<\/div>","protected":false},"excerpt":{"rendered":"<p>Standard Products Small family factories on the island process and package local agricultural products. You can find a variety of excellent products made in traditional ways. Many of them are awarded in Greece and abroad, while some are certified organic and vegan. You can visit and get to know the local producers, see up close &hellip; <\/p>\n<p class=\"link-more\"><a href=\"https:\/\/koslocallygrown.gr\/de\/local-products\/\" class=\"more-link\">Mehr <span class=\"screen-reader-text\">\u00fcber &#8220;Local Products&#8221; <\/span>Lesen<\/a><\/p>","protected":false},"author":3,"featured_media":8795,"parent":0,"menu_order":0,"comment_status":"closed","ping_status":"closed","template":"","meta":{"_eb_attr":"","footnotes":""},"class_list":["post-234","page","type-page","status-publish","has-post-thumbnail","hentry"],"yoast_head":"<!-- This site is optimized with the Yoast SEO plugin v22.7 - https:\/\/yoast.com\/wordpress\/plugins\/seo\/ -->\n<title>Authentic Local Products Kos | Kos Locally Grown<\/title>\n<meta name=\"description\" content=\"Discover the best local products from Kos. Organic, fresh, and locally sourced. Elevate your lifestyle with Kos Locally Grown.\" \/>\n<meta name=\"robots\" content=\"index, follow, max-snippet:-1, max-image-preview:large, max-video-preview:-1\" \/>\n<link rel=\"canonical\" href=\"https:\/\/koslocallygrown.gr\/de\/local-products\/\" \/>\n<meta property=\"og:locale\" content=\"de_DE\" \/>\n<meta property=\"og:type\" content=\"article\" \/>\n<meta property=\"og:title\" content=\"Authentic Local Products Kos | Kos Locally Grown\" \/>\n<meta property=\"og:description\" content=\"Discover the best local products from Kos. Organic, fresh, and locally sourced. Elevate your lifestyle with Kos Locally Grown.\" \/>\n<meta property=\"og:url\" content=\"https:\/\/koslocallygrown.gr\/de\/local-products\/\" \/>\n<meta property=\"og:site_name\" content=\"Kos Locally Grown\" \/>\n<meta property=\"article:publisher\" content=\"https:\/\/facebook.com\/koslocallygrown\" \/>\n<meta property=\"article:modified_time\" content=\"2024-08-17T21:48:33+00:00\" \/>\n<meta property=\"og:image\" content=\"https:\/\/koslocallygrown.gr\/wp-content\/uploads\/2024\/05\/market-scaled.jpg\" \/>\n\t<meta property=\"og:image:width\" content=\"2175\" \/>\n\t<meta property=\"og:image:height\" content=\"2560\" \/>\n\t<meta property=\"og:image:type\" content=\"image\/jpeg\" \/>\n<meta name=\"twitter:card\" content=\"summary_large_image\" \/>\n<meta name=\"twitter:label1\" content=\"Gesch\u00e4tzte Lesezeit\" \/>\n\t<meta name=\"twitter:data1\" content=\"1\u00a0Minute\" \/>\n<script type=\"application\/ld+json\" class=\"yoast-schema-graph\">{\"@context\":\"https:\/\/schema.org\",\"@graph\":[{\"@type\":\"WebPage\",\"@id\":\"https:\/\/koslocallygrown.gr\/local-products\/\",\"url\":\"https:\/\/koslocallygrown.gr\/en\/local-products\/\",\"name\":\"Authentic Local Products Kos | Kos Locally Grown\",\"isPartOf\":{\"@id\":\"https:\/\/koslocallygrown.gr\/#website\"},\"primaryImageOfPage\":{\"@id\":\"https:\/\/koslocallygrown.gr\/en\/local-products\/#primaryimage\"},\"image\":{\"@id\":\"https:\/\/koslocallygrown.gr\/en\/local-products\/#primaryimage\"},\"thumbnailUrl\":\"https:\/\/koslocallygrown.gr\/wp-content\/uploads\/2024\/05\/market-scaled.jpg\",\"datePublished\":\"2022-04-11T19:22:19+00:00\",\"dateModified\":\"2024-08-17T21:48:33+00:00\",\"description\":\"Discover the best local products from Kos. Organic, fresh, and locally sourced. Elevate your lifestyle with Kos Locally Grown.\",\"breadcrumb\":{\"@id\":\"https:\/\/koslocallygrown.gr\/en\/local-products\/#breadcrumb\"},\"inLanguage\":\"de\",\"potentialAction\":[{\"@type\":\"ReadAction\",\"target\":[\"https:\/\/koslocallygrown.gr\/en\/local-products\/\"]}]},{\"@type\":\"ImageObject\",\"inLanguage\":\"de\",\"@id\":\"https:\/\/koslocallygrown.gr\/en\/local-products\/#primaryimage\",\"url\":\"https:\/\/koslocallygrown.gr\/wp-content\/uploads\/2024\/05\/market-scaled.jpg\",\"contentUrl\":\"https:\/\/koslocallygrown.gr\/wp-content\/uploads\/2024\/05\/market-scaled.jpg\",\"width\":2175,\"height\":2560},{\"@type\":\"BreadcrumbList\",\"@id\":\"https:\/\/koslocallygrown.gr\/en\/local-products\/#breadcrumb\",\"itemListElement\":[{\"@type\":\"ListItem\",\"position\":1,\"name\":\"Home\",\"item\":\"https:\/\/koslocallygrown.gr\/\"},{\"@type\":\"ListItem\",\"position\":2,\"name\":\"Local Products\"}]},{\"@type\":\"WebSite\",\"@id\":\"https:\/\/koslocallygrown.gr\/#website\",\"url\":\"https:\/\/koslocallygrown.gr\/\",\"name\":\"Kos Locally Grown\",\"description\":\"The local products of Kos\",\"publisher\":{\"@id\":\"https:\/\/koslocallygrown.gr\/#organization\"},\"potentialAction\":[{\"@type\":\"SearchAction\",\"target\":{\"@type\":\"EntryPoint\",\"urlTemplate\":\"https:\/\/koslocallygrown.gr\/?s={search_term_string}\"},\"query-input\":\"required name=search_term_string\"}],\"inLanguage\":\"de\"},{\"@type\":\"Organization\",\"@id\":\"https:\/\/koslocallygrown.gr\/#organization\",\"name\":\"Kos Locally Grown\",\"url\":\"https:\/\/koslocallygrown.gr\/\",\"logo\":{\"@type\":\"ImageObject\",\"inLanguage\":\"de\",\"@id\":\"https:\/\/koslocallygrown.gr\/#\/schema\/logo\/image\/\",\"url\":\"https:\/\/koslocallygrown.gr\/wp-content\/uploads\/2022\/04\/cropped-Site_LOGO.png\",\"contentUrl\":\"https:\/\/koslocallygrown.gr\/wp-content\/uploads\/2022\/04\/cropped-Site_LOGO.png\",\"width\":914,\"height\":843,\"caption\":\"Kos Locally Grown\"},\"image\":{\"@id\":\"https:\/\/koslocallygrown.gr\/#\/schema\/logo\/image\/\"},\"sameAs\":[\"https:\/\/facebook.com\/koslocallygrown\",\"https:\/\/instagram.com\/koslocallygrown\"]}]}<\/script>\n<!-- \/ Yoast SEO plugin. -->","yoast_head_json":{"title":"Authentic Local Products Kos | Kos Locally Grown","description":"Discover the best local products from Kos. Organic, fresh, and locally sourced. Elevate your lifestyle with Kos Locally Grown.","robots":{"index":"index","follow":"follow","max-snippet":"max-snippet:-1","max-image-preview":"max-image-preview:large","max-video-preview":"max-video-preview:-1"},"canonical":"https:\/\/koslocallygrown.gr\/de\/local-products\/","og_locale":"de_DE","og_type":"article","og_title":"Authentic Local Products Kos | Kos Locally Grown","og_description":"Discover the best local products from Kos. Organic, fresh, and locally sourced. Elevate your lifestyle with Kos Locally Grown.","og_url":"https:\/\/koslocallygrown.gr\/de\/local-products\/","og_site_name":"Kos Locally Grown","article_publisher":"https:\/\/facebook.com\/koslocallygrown","article_modified_time":"2024-08-17T21:48:33+00:00","og_image":[{"width":2175,"height":2560,"url":"https:\/\/koslocallygrown.gr\/wp-content\/uploads\/2024\/05\/market-scaled.jpg","type":"image\/jpeg"}],"twitter_card":"summary_large_image","twitter_misc":{"Gesch\u00e4tzte Lesezeit":"1\u00a0Minute"},"schema":{"@context":"https:\/\/schema.org","@graph":[{"@type":"WebPage","@id":"https:\/\/koslocallygrown.gr\/local-products\/","url":"https:\/\/koslocallygrown.gr\/en\/local-products\/","name":"Authentic Local Products Kos | Kos Locally Grown","isPartOf":{"@id":"https:\/\/koslocallygrown.gr\/#website"},"primaryImageOfPage":{"@id":"https:\/\/koslocallygrown.gr\/en\/local-products\/#primaryimage"},"image":{"@id":"https:\/\/koslocallygrown.gr\/en\/local-products\/#primaryimage"},"thumbnailUrl":"https:\/\/koslocallygrown.gr\/wp-content\/uploads\/2024\/05\/market-scaled.jpg","datePublished":"2022-04-11T19:22:19+00:00","dateModified":"2024-08-17T21:48:33+00:00","description":"Discover the best local products from Kos. Organic, fresh, and locally sourced. Elevate your lifestyle with Kos Locally Grown.","breadcrumb":{"@id":"https:\/\/koslocallygrown.gr\/en\/local-products\/#breadcrumb"},"inLanguage":"de","potentialAction":[{"@type":"ReadAction","target":["https:\/\/koslocallygrown.gr\/en\/local-products\/"]}]},{"@type":"ImageObject","inLanguage":"de","@id":"https:\/\/koslocallygrown.gr\/en\/local-products\/#primaryimage","url":"https:\/\/koslocallygrown.gr\/wp-content\/uploads\/2024\/05\/market-scaled.jpg","contentUrl":"https:\/\/koslocallygrown.gr\/wp-content\/uploads\/2024\/05\/market-scaled.jpg","width":2175,"height":2560},{"@type":"BreadcrumbList","@id":"https:\/\/koslocallygrown.gr\/en\/local-products\/#breadcrumb","itemListElement":[{"@type":"ListItem","position":1,"name":"Home","item":"https:\/\/koslocallygrown.gr\/"},{"@type":"ListItem","position":2,"name":"Local Products"}]},{"@type":"WebSite","@id":"https:\/\/koslocallygrown.gr\/#website","url":"https:\/\/koslocallygrown.gr\/","name":"Kos Locally Grown","description":"The local products of Kos","publisher":{"@id":"https:\/\/koslocallygrown.gr\/#organization"},"potentialAction":[{"@type":"SearchAction","target":{"@type":"EntryPoint","urlTemplate":"https:\/\/koslocallygrown.gr\/?s={search_term_string}"},"query-input":"required name=search_term_string"}],"inLanguage":"de"},{"@type":"Organization","@id":"https:\/\/koslocallygrown.gr\/#organization","name":"Kos Locally Grown","url":"https:\/\/koslocallygrown.gr\/","logo":{"@type":"ImageObject","inLanguage":"de","@id":"https:\/\/koslocallygrown.gr\/#\/schema\/logo\/image\/","url":"https:\/\/koslocallygrown.gr\/wp-content\/uploads\/2022\/04\/cropped-Site_LOGO.png","contentUrl":"https:\/\/koslocallygrown.gr\/wp-content\/uploads\/2022\/04\/cropped-Site_LOGO.png","width":914,"height":843,"caption":"Kos Locally Grown"},"image":{"@id":"https:\/\/koslocallygrown.gr\/#\/schema\/logo\/image\/"},"sameAs":["https:\/\/facebook.com\/koslocallygrown","https:\/\/instagram.com\/koslocallygrown"]}]}},"featured_media_urls":{"thumbnail":["https:\/\/koslocallygrown.gr\/wp-content\/uploads\/2024\/05\/market-150x150.jpg",150,150,true],"medium":["https:\/\/koslocallygrown.gr\/wp-content\/uploads\/2024\/05\/market-255x300.jpg",255,300,true],"medium_large":["https:\/\/koslocallygrown.gr\/wp-content\/uploads\/2024\/05\/market-768x904.jpg",768,904,true],"large":["https:\/\/koslocallygrown.gr\/wp-content\/uploads\/2024\/05\/market-870x1024.jpg",870,1024,true],"1536x1536":["https:\/\/koslocallygrown.gr\/wp-content\/uploads\/2024\/05\/market-1305x1536.jpg",1305,1536,true],"2048x2048":["https:\/\/koslocallygrown.gr\/wp-content\/uploads\/2024\/05\/market-1740x2048.jpg",1740,2048,true],"trp-custom-language-flag":["https:\/\/koslocallygrown.gr\/wp-content\/uploads\/2024\/05\/market-10x12.jpg",10,12,true],"inspiro-featured-image":["https:\/\/koslocallygrown.gr\/wp-content\/uploads\/2024\/05\/market-2000x2354.jpg",2000,2354,true],"inspiro-loop":["https:\/\/koslocallygrown.gr\/wp-content\/uploads\/2024\/05\/market-950x320.jpg",950,320,true],"inspiro-loop@2x":["https:\/\/koslocallygrown.gr\/wp-content\/uploads\/2024\/05\/market-1900x640.jpg",1900,640,true],"portfolio_item-thumbnail":["https:\/\/koslocallygrown.gr\/wp-content\/uploads\/2024\/05\/market-600x400.jpg",600,400,true],"portfolio_item-thumbnail@2x":["https:\/\/koslocallygrown.gr\/wp-content\/uploads\/2024\/05\/market-1200x800.jpg",1200,800,true],"portfolio_item-masonry":["https:\/\/koslocallygrown.gr\/wp-content\/uploads\/2024\/05\/market-600x706.jpg",600,706,true],"portfolio_item-masonry@2x":["https:\/\/koslocallygrown.gr\/wp-content\/uploads\/2024\/05\/market-1200x1412.jpg",1200,1412,true],"portfolio_item-thumbnail_cinema":["https:\/\/koslocallygrown.gr\/wp-content\/uploads\/2024\/05\/market-800x335.jpg",800,335,true],"portfolio_item-thumbnail_portrait":["https:\/\/koslocallygrown.gr\/wp-content\/uploads\/2024\/05\/market-600x900.jpg",600,900,true],"portfolio_item-thumbnail_portrait@2x":["https:\/\/koslocallygrown.gr\/wp-content\/uploads\/2024\/05\/market-1200x1800.jpg",1200,1800,true],"portfolio_item-thumbnail_square":["https:\/\/koslocallygrown.gr\/wp-content\/uploads\/2024\/05\/market-800x800.jpg",800,800,true]},"_links":{"self":[{"href":"https:\/\/koslocallygrown.gr\/de\/wp-json\/wp\/v2\/pages\/234","targetHints":{"allow":["GET"]}}],"collection":[{"href":"https:\/\/koslocallygrown.gr\/de\/wp-json\/wp\/v2\/pages"}],"about":[{"href":"https:\/\/koslocallygrown.gr\/de\/wp-json\/wp\/v2\/types\/page"}],"author":[{"embeddable":true,"href":"https:\/\/koslocallygrown.gr\/de\/wp-json\/wp\/v2\/users\/3"}],"replies":[{"embeddable":true,"href":"https:\/\/koslocallygrown.gr\/de\/wp-json\/wp\/v2\/comments?post=234"}],"version-history":[{"count":20,"href":"https:\/\/koslocallygrown.gr\/de\/wp-json\/wp\/v2\/pages\/234\/revisions"}],"predecessor-version":[{"id":8986,"href":"https:\/\/koslocallygrown.gr\/de\/wp-json\/wp\/v2\/pages\/234\/revisions\/8986"}],"wp:featuredmedia":[{"embeddable":true,"href":"https:\/\/koslocallygrown.gr\/de\/wp-json\/wp\/v2\/media\/8795"}],"wp:attachment":[{"href":"https:\/\/koslocallygrown.gr\/de\/wp-json\/wp\/v2\/media?parent=234"}],"curies":[{"name":"wp","href":"https:\/\/api.w.org\/{rel}","templated":true}]}}